{"id":209,"date":"2024-05-25T09:12:01","date_gmt":"2024-05-25T07:12:01","guid":{"rendered":"https:\/\/www.business-academy.hu\/?page_id=209"},"modified":"2025-09-24T19:55:27","modified_gmt":"2025-09-24T17:55:27","slug":"kepzesek","status":"publish","type":"page","link":"https:\/\/www.business-academy.hu\/en\/kepzesek\/","title":{"rendered":"Courses"},"content":{"rendered":"<div class=\"wp-block-uagb-container uagb-block-8iiqas9z alignfull uagb-is-root-container\">\n<div data-aos= \"fade\" data-aos-duration=\"400\" data-aos-delay=\"0\" data-aos-easing=\"ease\" data-aos-once=\"true\" class=\"wp-block-uagb-container animation-duration-lg uagb-layout-flex uagb-block-l7ttxf3h\">\n<div class=\"wp-block-group is-vertical is-content-justification-left is-layout-flex wp-container-core-group-is-layout-1 wp-block-group-is-layout-flex\">\n<h2 class=\"wp-block-heading has-text-align-left hyphens has-xxxx-large-font-size\">Courses<\/h2>\n\n\n\n<p>Advanced international business courses<\/p>\n<\/div>\n<\/div>\n\n\n\n<div data-aos= \"fade-left\" data-aos-duration=\"400\" data-aos-delay=\"0\" data-aos-easing=\"ease\" data-aos-once=\"true\" class=\"wp-block-uagb-container animation-duration-lg uag-hide-mob uagb-block-grhal4sj\"><\/div>\n<\/div>\n\n\n\n<div id=\"success\" class=\"wp-block-uagb-container uagb-block-tlbtg4wl alignfull uagb-is-root-container\"><div class=\"uagb-container-inner-blocks-wrap\">\n<div class=\"wp-block-uagb-container scroll-margin uagb-block-zb2mqyzp\">\n<div class=\"wp-block-uagb-container uagb-block-34d0b386\">\n<div data-aos= \"fade-right\" data-aos-duration=\"400\" data-aos-delay=\"0\" data-aos-easing=\"ease\" data-aos-once=\"true\" class=\"wp-block-uagb-info-box uagb-block-giemo045 uagb-infobox__content-wrap  uagb-infobox-icon-above-title uagb-infobox-image-valign-top\"><div class=\"uagb-ifb-content\"><div class=\"uagb-ifb-title-wrap\"><p class=\"uagb-ifb-title-prefix\">01<\/p><h3 class=\"uagb-ifb-title\">Summer School<\/h3><\/div><p class=\"uagb-ifb-desc\"><em>\u2018Summit of Universities \u2013 Call for Central European Summer School\u2019<\/em> ~ <strong>SUCCESS<\/strong><br><br>The English-language Summer School of the Budapest Business University has welcomed students from 20 countries since 2017. The Foundation participates in organizing this. The University provides the location, lecturers and ECTS-s, the foundation organizes the educational, corporate and entertainment programs and conducts the event.<br><br>The focus of the program is the economy of Central Europe and its economic relations with Southeast Asia.<\/p><\/div><\/div>\n\n\n\n<div class=\"wp-block-uagb-buttons uagb-buttons__outer-wrap uagb-btn__default-btn uagb-btn-tablet__default-btn uagb-btn-mobile__default-btn uagb-block-bc168bfe\"><div class=\"uagb-buttons__wrap uagb-buttons-layout-wrap\">\n<div data-aos= \"fade\" data-aos-duration=\"400\" data-aos-delay=\"0\" data-aos-easing=\"ease\" data-aos-once=\"true\" class=\"wp-block-uagb-buttons-child uagb-buttons__outer-wrap uagb-block-5b77690c wp-block-button\"><div class=\"uagb-button__wrapper\"><a class=\"uagb-buttons-repeater wp-block-button__link\" aria-label=\"\" href=\"https:\/\/www.business-academy.hu\/en\/nyari-egyetemek\/summer-school-success-reloaded\/\" rel=\"follow noopener\" target=\"_self\" role=\"button\"><div class=\"uagb-button__link\">More<\/div><span class=\"uagb-button__icon uagb-button__icon-position-after\"><svg xmlns=\"https:\/\/www.w3.org\/2000\/svg\" viewbox=\"0 0 512 512\" aria-hidden=\"true\" focussable=\"false\"><path d=\"M502.6 278.6l-128 128c-12.51 12.51-32.76 12.49-45.25 0c-12.5-12.5-12.5-32.75 0-45.25L402.8 288H32C14.31 288 0 273.7 0 255.1S14.31 224 32 224h370.8l-73.38-73.38c-12.5-12.5-12.5-32.75 0-45.25s32.75-12.5 45.25 0l128 128C515.1 245.9 515.1 266.1 502.6 278.6z\"><\/path><\/svg><\/span><\/a><\/div><\/div>\n<\/div><\/div>\n<\/div>\n\n\n\n<div data-aos= \"fade-up\" data-aos-duration=\"400\" data-aos-delay=\"0\" data-aos-easing=\"ease\" data-aos-once=\"true\" class=\"wp-block-uagb-image alignleft uagb-block-rbgpjhup wp-block-uagb-image--layout-default wp-block-uagb-image--effect-static wp-block-uagb-image--align-left animation-duration-lg\"><figure class=\"wp-block-uagb-image__figure\"><img decoding=\"async\" srcset=\"https:\/\/www.business-academy.hu\/wp-content\/uploads\/2024\/05\/IMG_4960-1024x683.jpg ,https:\/\/www.business-academy.hu\/wp-content\/uploads\/2024\/05\/IMG_4960-scaled.jpg 780w, https:\/\/www.business-academy.hu\/wp-content\/uploads\/2024\/05\/IMG_4960-scaled.jpg 360w\" sizes=\"(max-width: 480px) 150px\" src=\"https:\/\/www.business-academy.hu\/wp-content\/uploads\/2024\/05\/IMG_4960-1024x683.jpg\" alt=\"\" class=\"uag-image-221\" width=\"564\" height=\"400\" title=\"After class\" loading=\"lazy\" role=\"img\"\/><\/figure><\/div>\n<\/div>\n<\/div><\/div>\n\n\n\n<div id=\"mba\" class=\"wp-block-uagb-container uagb-block-9188384a alignfull uagb-is-root-container\"><div class=\"uagb-container-inner-blocks-wrap\">\n<div class=\"wp-block-uagb-container uagb-block-m8w4cxhr\">\n<div class=\"wp-block-uagb-container uagb-block-1ddccad8\">\n<div data-aos= \"fade-right\" data-aos-duration=\"400\" data-aos-delay=\"0\" data-aos-easing=\"ease\" data-aos-once=\"true\" class=\"wp-block-uagb-info-box uagb-block-cbmmgowg uagb-infobox__content-wrap  uagb-infobox-icon-above-title uagb-infobox-image-valign-top\"><div class=\"uagb-ifb-content\"><div class=\"uagb-ifb-title-wrap\"><p class=\"uagb-ifb-title-prefix\">02<\/p><h3 class=\"uagb-ifb-title\">MBA<\/h3><\/div><p class=\"uagb-ifb-desc\">We have been associated with the international MBA network AGRIMBA for 20 years, and the President of the Foundation is a member of the Board of Directors. We will soon launch an MBA program accredited by the network, taught in a modular and hybrid (contact\/online) format, in English, with Hungarian and international faculty.<\/p><\/div><\/div>\n\n\n\n<div class=\"wp-block-uagb-buttons uagb-buttons__outer-wrap uagb-btn__default-btn uagb-btn-tablet__default-btn uagb-btn-mobile__default-btn uagb-block-0ae03adc uag-hide-desktop uag-hide-tab uag-hide-mob\"><div class=\"uagb-buttons__wrap uagb-buttons-layout-wrap\">\n<div data-aos= \"fade\" data-aos-duration=\"400\" data-aos-delay=\"0\" data-aos-easing=\"ease\" data-aos-once=\"true\" class=\"wp-block-uagb-buttons-child uagb-buttons__outer-wrap uagb-block-2c341f26 wp-block-button\"><div class=\"uagb-button__wrapper\"><a class=\"uagb-buttons-repeater wp-block-button__link\" aria-label=\"\" href=\"#\" rel=\"follow noopener\" target=\"_self\" role=\"button\"><div class=\"uagb-button__link\">More<\/div><span class=\"uagb-button__icon uagb-button__icon-position-after\"><svg xmlns=\"https:\/\/www.w3.org\/2000\/svg\" viewbox=\"0 0 512 512\" aria-hidden=\"true\" focussable=\"false\"><path d=\"M502.6 278.6l-128 128c-12.51 12.51-32.76 12.49-45.25 0c-12.5-12.5-12.5-32.75 0-45.25L402.8 288H32C14.31 288 0 273.7 0 255.1S14.31 224 32 224h370.8l-73.38-73.38c-12.5-12.5-12.5-32.75 0-45.25s32.75-12.5 45.25 0l128 128C515.1 245.9 515.1 266.1 502.6 278.6z\"><\/path><\/svg><\/span><\/a><\/div><\/div>\n<\/div><\/div>\n<\/div>\n\n\n\n<div data-aos= \"fade-up\" data-aos-duration=\"400\" data-aos-delay=\"0\" data-aos-easing=\"ease\" data-aos-once=\"true\" class=\"wp-block-uagb-image alignleft uagb-block-tffqhmez wp-block-uagb-image--layout-default wp-block-uagb-image--effect-static wp-block-uagb-image--align-left animation-duration-lg\"><figure class=\"wp-block-uagb-image__figure\"><img decoding=\"async\" srcset=\"https:\/\/www.business-academy.hu\/wp-content\/uploads\/2024\/05\/IMG_4937-1024x683.jpg ,https:\/\/www.business-academy.hu\/wp-content\/uploads\/2024\/05\/IMG_4937-scaled.jpg 780w, https:\/\/www.business-academy.hu\/wp-content\/uploads\/2024\/05\/IMG_4937-scaled.jpg 360w\" sizes=\"(max-width: 480px) 150px\" src=\"https:\/\/www.business-academy.hu\/wp-content\/uploads\/2024\/05\/IMG_4937-1024x683.jpg\" alt=\"\" class=\"uag-image-222\" width=\"564\" height=\"400\" title=\"During class\" loading=\"lazy\" role=\"img\"\/><\/figure><\/div>\n<\/div>\n<\/div><\/div>\n\n\n\n<div id=\"vocational\" class=\"wp-block-uagb-container uagb-block-60638d46 alignfull uagb-is-root-container\"><div class=\"uagb-container-inner-blocks-wrap\">\n<div class=\"wp-block-uagb-container scroll-margin uagb-block-e5bdb5e0\">\n<div class=\"wp-block-uagb-container uagb-block-f9e876ff\">\n<div data-aos= \"fade-right\" data-aos-duration=\"400\" data-aos-delay=\"0\" data-aos-easing=\"ease\" data-aos-once=\"true\" class=\"wp-block-uagb-info-box uagb-block-87a4d90d uagb-infobox__content-wrap  uagb-infobox-icon-above-title uagb-infobox-image-valign-top\"><div class=\"uagb-ifb-content\"><div class=\"uagb-ifb-title-wrap\"><p class=\"uagb-ifb-title-prefix\">03<\/p><h3 class=\"uagb-ifb-title\">Vocational courses<\/h3><\/div><p class=\"uagb-ifb-desc\">Within this framework, we manage three different types training courses.<\/p><\/div><\/div>\n\n\n\n<div data-aos= \"fade-right\" data-aos-duration=\"400\" data-aos-delay=\"0\" data-aos-easing=\"ease\" data-aos-once=\"true\" class=\"wp-block-uagb-container uagb-block-7f490612\">\n<ul style=\"margin-top:0;margin-right:0;margin-bottom:0;margin-left:0\" class=\"wp-block-list\">\n<li>The modules of the MBA course are organized in this form; the graduates receive a 'Mini MBA' Certificate. Completion of all modules and preparation and defense of 'Theses' entitles to the MBA Diploma.<\/li>\n\n\n\n<li>We organize training courses like the Summer School in the autumn and spring periods as well, mainly for foreign university students and practical managers alike.<\/li>\n\n\n\n<li>We organize one- or several-day intensive training courses focused on specialized areas, jointly with business\/company partners, primarily for Hungarian professionals. Our 'Chinese business culture' training is currently available.<\/li>\n<\/ul>\n<\/div>\n\n\n\n<div class=\"wp-block-uagb-buttons uagb-buttons__outer-wrap uagb-btn__default-btn uagb-btn-tablet__default-btn uagb-btn-mobile__default-btn uagb-block-599b8d4e\"><div class=\"uagb-buttons__wrap uagb-buttons-layout-wrap\">\n<div data-aos= \"fade\" data-aos-duration=\"400\" data-aos-delay=\"0\" data-aos-easing=\"ease\" data-aos-once=\"true\" class=\"wp-block-uagb-buttons-child uagb-buttons__outer-wrap uagb-block-a84d2954 wp-block-button\"><div class=\"uagb-button__wrapper\"><a class=\"uagb-buttons-repeater wp-block-button__link\" aria-label=\"\" href=\"https:\/\/www.business-academy.hu\/en\/kepzesek\/rovidkurzusos-kepzesek\/\" rel=\"follow noopener\" target=\"_self\" role=\"button\"><div class=\"uagb-button__link\">More<\/div><span class=\"uagb-button__icon uagb-button__icon-position-after\"><svg xmlns=\"https:\/\/www.w3.org\/2000\/svg\" viewbox=\"0 0 512 512\" aria-hidden=\"true\" focussable=\"false\"><path d=\"M502.6 278.6l-128 128c-12.51 12.51-32.76 12.49-45.25 0c-12.5-12.5-12.5-32.75 0-45.25L402.8 288H32C14.31 288 0 273.7 0 255.1S14.31 224 32 224h370.8l-73.38-73.38c-12.5-12.5-12.5-32.75 0-45.25s32.75-12.5 45.25 0l128 128C515.1 245.9 515.1 266.1 502.6 278.6z\"><\/path><\/svg><\/span><\/a><\/div><\/div>\n<\/div><\/div>\n<\/div>\n\n\n\n<div data-aos= \"fade-up\" data-aos-duration=\"400\" data-aos-delay=\"0\" data-aos-easing=\"ease\" data-aos-once=\"true\" class=\"wp-block-uagb-image alignleft uagb-block-b6ac044c wp-block-uagb-image--layout-default wp-block-uagb-image--effect-static wp-block-uagb-image--align-left animation-duration-lg\"><figure class=\"wp-block-uagb-image__figure\"><img decoding=\"async\" srcset=\"https:\/\/www.business-academy.hu\/wp-content\/uploads\/2024\/05\/IMG_20230727_114334_edit_69713403378945-1024x707.jpg ,https:\/\/www.business-academy.hu\/wp-content\/uploads\/2024\/05\/IMG_20230727_114334_edit_69713403378945.jpg 780w, https:\/\/www.business-academy.hu\/wp-content\/uploads\/2024\/05\/IMG_20230727_114334_edit_69713403378945.jpg 360w\" sizes=\"(max-width: 480px) 150px\" src=\"https:\/\/www.business-academy.hu\/wp-content\/uploads\/2024\/05\/IMG_20230727_114334_edit_69713403378945-1024x707.jpg\" alt=\"\" class=\"uag-image-223\" width=\"564\" height=\"400\" title=\"During class\" loading=\"lazy\" role=\"img\"\/><\/figure><\/div>\n<\/div>\n<\/div><\/div>","protected":false},"excerpt":{"rendered":"<p>K\u00e9pz\u00e9seink Fels\u0151fok\u00fa nemzetk\u00f6zi \u00fczleti k\u00e9pz\u00e9sek<\/p>","protected":false},"author":1,"featured_media":0,"parent":0,"menu_order":0,"comment_status":"closed","ping_status":"closed","template":"","meta":{"_uag_custom_page_level_css":"","_swt_meta_header_display":false,"_swt_meta_footer_display":false,"_swt_meta_site_title_display":false,"_swt_meta_sticky_header":false,"_swt_meta_transparent_header":false,"iawp_total_views":568,"footnotes":""},"class_list":["post-209","page","type-page","status-publish","hentry"],"uagb_featured_image_src":{"full":false,"thumbnail":false,"medium":false,"medium_large":false,"large":false,"1536x1536":false,"2048x2048":false,"trp-custom-language-flag":false},"uagb_author_info":{"display_name":"kozart69","author_link":"https:\/\/www.business-academy.hu\/en\/author\/kozart69\/"},"uagb_comment_info":0,"uagb_excerpt":"K\u00e9pz\u00e9seink Fels\u0151fok\u00fa nemzetk\u00f6zi \u00fczleti k\u00e9pz\u00e9sek","_links":{"self":[{"href":"https:\/\/www.business-academy.hu\/en\/wp-json\/wp\/v2\/pages\/209"}],"collection":[{"href":"https:\/\/www.business-academy.hu\/en\/wp-json\/wp\/v2\/pages"}],"about":[{"href":"https:\/\/www.business-academy.hu\/en\/wp-json\/wp\/v2\/types\/page"}],"author":[{"embeddable":true,"href":"https:\/\/www.business-academy.hu\/en\/wp-json\/wp\/v2\/users\/1"}],"replies":[{"embeddable":true,"href":"https:\/\/www.business-academy.hu\/en\/wp-json\/wp\/v2\/comments?post=209"}],"version-history":[{"count":6,"href":"https:\/\/www.business-academy.hu\/en\/wp-json\/wp\/v2\/pages\/209\/revisions"}],"predecessor-version":[{"id":893,"href":"https:\/\/www.business-academy.hu\/en\/wp-json\/wp\/v2\/pages\/209\/revisions\/893"}],"wp:attachment":[{"href":"https:\/\/www.business-academy.hu\/en\/wp-json\/wp\/v2\/media?parent=209"}],"curies":[{"name":"wp","href":"https:\/\/api.w.org\/{rel}","templated":true}]}}