{"id":49,"date":"2024-05-25T09:12:22","date_gmt":"2024-05-25T07:12:22","guid":{"rendered":"https:\/\/www.business-academy.hu\/?page_id=49"},"modified":"2025-03-11T12:25:11","modified_gmt":"2025-03-11T11:25:11","slug":"rolunk","status":"publish","type":"page","link":"https:\/\/www.business-academy.hu\/en\/rolunk\/","title":{"rendered":"About"},"content":{"rendered":"<div class=\"wp-block-uagb-container uagb-block-8iiqas9z alignfull uagb-is-root-container\">\n<div data-aos= \"fade-right\" data-aos-duration=\"400\" data-aos-delay=\"0\" data-aos-easing=\"ease\" data-aos-once=\"true\" class=\"wp-block-uagb-container hero-bg animation-duration-lg uag-hide-mob uagb-block-grhal4sj\"><\/div>\n\n\n\n<div data-aos= \"fade\" data-aos-duration=\"400\" data-aos-delay=\"0\" data-aos-easing=\"ease\" data-aos-once=\"true\" class=\"wp-block-uagb-container animation-duration-lg uagb-layout-flex uagb-block-l7ttxf3h\">\n<div class=\"wp-block-group is-vertical is-layout-flex wp-container-core-group-is-layout-1 wp-block-group-is-layout-flex\">\n<h2 class=\"wp-block-heading has-xxxx-large-font-size\">Get to know us<\/h2>\n\n\n\n<p>International business education | Vocational courses | Summer schools | Academic research<\/p>\n<\/div>\n\n\n\n<div class=\"wp-block-uagb-buttons uagb-buttons__outer-wrap uagb-btn__default-btn uagb-btn-tablet__default-btn uagb-btn-mobile__default-btn uagb-block-d5tke4tl\"><div class=\"uagb-buttons__wrap uagb-buttons-layout-wrap\">\n<div class=\"wp-block-uagb-buttons-child uagb-buttons__outer-wrap uagb-block-tb3mfrct wp-block-button\"><div class=\"uagb-button__wrapper\"><a class=\"uagb-buttons-repeater wp-block-button__link\" aria-label=\"\" href=\"https:\/\/www.business-academy.hu\/en\/kepzesek\/\" rel=\"follow noopener\" target=\"_self\" role=\"button\"><div class=\"uagb-button__link\">Courses<\/div><\/a><\/div><\/div>\n<\/div><\/div>\n<\/div>\n<\/div>\n\n\n\n<div id=\"foundation\" class=\"wp-block-uagb-container uagb-block-qevrjqgr alignfull uagb-is-root-container\"><div class=\"uagb-container-inner-blocks-wrap\">\n<div class=\"wp-block-uagb-container uagb-block-fop6vsx0\">\n<div data-aos= \"fade-right\" data-aos-duration=\"400\" data-aos-delay=\"0\" data-aos-easing=\"ease\" data-aos-once=\"true\" class=\"wp-block-uagb-info-box uagb-block-t40f7are uagb-infobox__content-wrap  uagb-infobox-icon-above-title uagb-infobox-image-valign-top\"><div class=\"uagb-ifb-content\"><div class=\"uagb-ifb-title-wrap\"><p class=\"uagb-ifb-title-prefix\">International business education and research<\/p><h2 class=\"uagb-ifb-title\">About our foundation<\/h2><\/div><p class=\"uagb-ifb-desc\">Our goal is to support, organize, and conduct higher-level international business training in short-course, module-based, and summer university formats. Support of scientific research and teaching work, involvement of companies and practical specialists in business training as a cooperation between theoretical and practical areas.<\/p><\/div><\/div>\n<\/div>\n\n\n\n<div class=\"wp-block-uagb-container uagb-block-zdpjbnmw\">\n<div data-aos= \"fade-up\" data-aos-duration=\"400\" data-aos-delay=\"0\" data-aos-easing=\"ease\" data-aos-once=\"true\" class=\"wp-block-uagb-image alignleft uagb-block-hwqcui6o wp-block-uagb-image--layout-default wp-block-uagb-image--effect-static wp-block-uagb-image--align-left animation-duration-lg\"><figure class=\"wp-block-uagb-image__figure\"><img decoding=\"async\" srcset=\"https:\/\/www.business-academy.hu\/wp-content\/uploads\/2024\/05\/pexels-fauxels-3182826-1024x683.jpg ,https:\/\/www.business-academy.hu\/wp-content\/uploads\/2024\/05\/pexels-fauxels-3182826-scaled.jpg 780w, https:\/\/www.business-academy.hu\/wp-content\/uploads\/2024\/05\/pexels-fauxels-3182826-scaled.jpg 360w\" sizes=\"(max-width: 480px) 150px\" src=\"https:\/\/www.business-academy.hu\/wp-content\/uploads\/2024\/05\/pexels-fauxels-3182826-1024x683.jpg\" alt=\"\" class=\"uag-image-347\" width=\"270\" height=\"360\" title=\"\" loading=\"lazy\" role=\"presentation\"\/><\/figure><\/div>\n\n\n\n<div data-aos= \"fade-up\" data-aos-duration=\"400\" data-aos-delay=\"0\" data-aos-easing=\"ease\" data-aos-once=\"true\" class=\"wp-block-uagb-image alignleft uagb-block-tv97k8pj wp-block-uagb-image--layout-default wp-block-uagb-image--effect-static wp-block-uagb-image--align-left animation-delay-sm animation-duration-lg\"><figure class=\"wp-block-uagb-image__figure\"><img decoding=\"async\" srcset=\"https:\/\/www.business-academy.hu\/wp-content\/uploads\/2024\/05\/pexels-jopwell-2422294-1024x723.jpg ,https:\/\/www.business-academy.hu\/wp-content\/uploads\/2024\/05\/pexels-jopwell-2422294-scaled.jpg 780w, https:\/\/www.business-academy.hu\/wp-content\/uploads\/2024\/05\/pexels-jopwell-2422294-scaled.jpg 360w\" sizes=\"(max-width: 480px) 150px\" src=\"https:\/\/www.business-academy.hu\/wp-content\/uploads\/2024\/05\/pexels-jopwell-2422294-1024x723.jpg\" alt=\"\" class=\"uag-image-96\" width=\"270\" height=\"360\" title=\"pexels-jopwell-2422294\" loading=\"lazy\" role=\"img\"\/><\/figure><\/div>\n<\/div>\n<\/div><\/div>\n\n\n\n<div id=\"history\" class=\"wp-block-uagb-container uagb-block-0gavoq1b alignfull uagb-is-root-container\"><div class=\"uagb-container-inner-blocks-wrap\">\n<div class=\"wp-block-uagb-container uagb-block-4414c4f0\">\n<div data-aos= \"fade-up\" data-aos-duration=\"400\" data-aos-delay=\"0\" data-aos-easing=\"ease\" data-aos-once=\"true\" class=\"wp-block-uagb-image aligncenter uagb-block-0d319973 wp-block-uagb-image--layout-default wp-block-uagb-image--effect-static wp-block-uagb-image--align-center animation-duration-lg\"><figure class=\"wp-block-uagb-image__figure\"><img decoding=\"async\" srcset=\"https:\/\/www.business-academy.hu\/wp-content\/uploads\/2024\/05\/laszlo-edited.jpg ,https:\/\/www.business-academy.hu\/wp-content\/uploads\/2024\/05\/laszlo-edited.jpg 780w, https:\/\/www.business-academy.hu\/wp-content\/uploads\/2024\/05\/laszlo-edited.jpg 360w\" sizes=\"(max-width: 480px) 150px\" src=\"https:\/\/www.business-academy.hu\/wp-content\/uploads\/2024\/05\/laszlo-edited.jpg\" alt=\"Dr. habil. Koz\u00e1r L\u00e1szl\u00f3,alap\u00edtv\u00e1nyunk kur\u00e1tora\" class=\"uag-image-575\" width=\"300\" height=\"421\" title=\"Dr. habil. Koz\u00e1r L\u00e1szl\u00f3\" loading=\"lazy\" role=\"img\"\/><figcaption class=\"uagb-image-caption\">Prof. Laszlo Kozar PhD, president of the Business Academy Foundation<\/figcaption><\/figure><\/div>\n<\/div>\n\n\n\n<div class=\"wp-block-uagb-container uagb-block-vzhcxte8\">\n<div data-aos= \"fade-left\" data-aos-duration=\"400\" data-aos-delay=\"0\" data-aos-easing=\"ease\" data-aos-once=\"true\" class=\"wp-block-uagb-info-box uagb-block-znpj8sj8 uagb-infobox__content-wrap  uagb-infobox-icon-above-title uagb-infobox-image-valign-top\"><div class=\"uagb-ifb-content\"><div class=\"uagb-ifb-title-wrap\"><p class=\"uagb-ifb-title-prefix\">Business education since 1990<\/p><h2 class=\"uagb-ifb-title\">Our history<\/h2><\/div><p class=\"uagb-ifb-desc\">The Foundation was established in 1990 to develop and support the business education of the Budapest Business University, founded in 1857, as an organization legally independent from the university. Our mission is to support and deliver top-tier international business training, integrating academic excellence with practical industry insights. Today, we still have a close relationship with the university, for example we jointly organize the \"Success Reloaded\" Summer School, where since 2016 we have welcomed students from 20 countries on six continents.<\/p><\/div><\/div>\n<\/div>\n<\/div><\/div>\n\n\n\n<div id=\"research\" class=\"wp-block-uagb-container uagb-block-41c684f1 alignfull uagb-is-root-container\"><div class=\"uagb-container-inner-blocks-wrap\">\n<div class=\"wp-block-uagb-container uagb-block-f7ffaa34\">\n<div data-aos= \"fade-right\" data-aos-duration=\"400\" data-aos-delay=\"0\" data-aos-easing=\"ease\" data-aos-once=\"true\" class=\"wp-block-uagb-info-box uagb-block-fe1c21f8 uagb-infobox__content-wrap  uagb-infobox-icon-above-title uagb-infobox-image-valign-top\"><div class=\"uagb-ifb-content\"><div class=\"uagb-ifb-title-wrap\"><p class=\"uagb-ifb-title-prefix\">For higher education professionals<\/p><h2 class=\"uagb-ifb-title\">Research support<\/h2><\/div><p class=\"uagb-ifb-desc\">The most important goal of supporting scientific research and teaching work is to support applied research. The goal is for higher education professionals to participate in solving practical business problems and to bring them into education in cooperation with partner enterprises.<\/p><\/div><\/div>\n<\/div>\n\n\n\n<div data-aos= \"fade-up\" data-aos-duration=\"400\" data-aos-delay=\"0\" data-aos-easing=\"ease\" data-aos-once=\"true\" class=\"wp-block-uagb-image aligncenter uagb-block-183772b1 wp-block-uagb-image--layout-default wp-block-uagb-image--effect-static wp-block-uagb-image--align-center alignleft animation-duration-lg\"><figure class=\"wp-block-uagb-image__figure\"><img decoding=\"async\" srcset=\"https:\/\/www.business-academy.hu\/wp-content\/uploads\/2024\/05\/pexels-visual-tag-mx-1321732-2566581-scaled.jpg ,https:\/\/www.business-academy.hu\/wp-content\/uploads\/2024\/05\/pexels-visual-tag-mx-1321732-2566581-scaled.jpg 780w, https:\/\/www.business-academy.hu\/wp-content\/uploads\/2024\/05\/pexels-visual-tag-mx-1321732-2566581-scaled.jpg 360w\" sizes=\"(max-width: 480px) 150px\" src=\"https:\/\/www.business-academy.hu\/wp-content\/uploads\/2024\/05\/pexels-visual-tag-mx-1321732-2566581-scaled.jpg\" alt=\"Kutat\u00e1si t\u00e1mogat\u00e1s\" class=\"uag-image-99\" width=\"564\" height=\"423\" title=\"Research support\" loading=\"lazy\" role=\"img\"\/><\/figure><\/div>\n<\/div><\/div>\n\n\n\n<div id=\"support\" class=\"wp-block-uagb-container uagb-block-eea33ac7 alignfull uagb-is-root-container\"><div class=\"uagb-container-inner-blocks-wrap\">\n<div data-aos= \"fade-up\" data-aos-duration=\"400\" data-aos-delay=\"0\" data-aos-easing=\"ease\" data-aos-once=\"true\" class=\"wp-block-uagb-image aligncenter uagb-block-fymqapvb wp-block-uagb-image--layout-default wp-block-uagb-image--effect-static wp-block-uagb-image--align-center alignleft animation-duration-lg\"><figure class=\"wp-block-uagb-image__figure\"><img decoding=\"async\" srcset=\"https:\/\/www.business-academy.hu\/wp-content\/uploads\/2024\/05\/IMG_20220801_150431_edit_71181698312054-1024x780.jpg ,https:\/\/www.business-academy.hu\/wp-content\/uploads\/2024\/05\/IMG_20220801_150431_edit_71181698312054.jpg 780w, https:\/\/www.business-academy.hu\/wp-content\/uploads\/2024\/05\/IMG_20220801_150431_edit_71181698312054.jpg 360w\" sizes=\"(max-width: 480px) 150px\" src=\"https:\/\/www.business-academy.hu\/wp-content\/uploads\/2024\/05\/IMG_20220801_150431_edit_71181698312054-1024x780.jpg\" alt=\"\" class=\"uag-image-557\" width=\"564\" height=\"423\" title=\"dav\" loading=\"lazy\" role=\"img\"\/><\/figure><\/div>\n\n\n\n<div data-aos= \"fade-left\" data-aos-duration=\"400\" data-aos-delay=\"0\" data-aos-easing=\"ease\" data-aos-once=\"true\" class=\"wp-block-uagb-container uagb-block-e502c2a0\">\n<div class=\"wp-block-uagb-info-box uagb-block-59c2841a uagb-infobox__content-wrap  uagb-infobox-icon-above-title uagb-infobox-image-valign-top\"><div class=\"uagb-ifb-content\"><div class=\"uagb-ifb-title-wrap\"><p class=\"uagb-ifb-title-prefix\">Our foundation is open<\/p><h2 class=\"uagb-ifb-title\">Support us<\/h2><\/div><p class=\"uagb-ifb-desc\">The foundation is open to any natural or legal person, domestic or foreign, who may join it at any time during its existence by making a financial contribution of his or her choice. The member has the right to propose to the Board of Trustees the use of his\/her financial contribution. You can support our activities through the following account numbers:<\/p><\/div><\/div>\n\n\n\n<ul style=\"margin-top:0;margin-bottom:0\" class=\"wp-block-list\">\n<li><strong>HUF:<\/strong> 10103173-16725023-00000002<\/li>\n\n\n\n<li><strong>EUR:<\/strong> IBAN HU24101031731672500001006309<\/li>\n\n\n\n<li><em><em>Business Identifier Code (BIC<\/em>): MKKBHUHB<\/em><\/li>\n<\/ul>\n<\/div>\n<\/div><\/div>\n\n\n\n<div data-aos= \"fade-up\" data-aos-duration=\"400\" data-aos-delay=\"0\" data-aos-easing=\"ease\" data-aos-once=\"true\" class=\"wp-block-uagb-container animation-duration-lg uagb-block-767d1d36 alignfull uagb-is-root-container\"><div class=\"uagb-container-inner-blocks-wrap\">\n<p class=\"has-text-align-center has-heading-color has-text-color has-x-small-font-size\" style=\"margin-top:0;margin-right:0;margin-bottom:0;margin-left:0;letter-spacing:2px;text-transform:uppercase\">Our partners<\/p>\n\n\n\n<div class=\"wp-block-uagb-container uagb-layout-flex uagb-block-6c151026\">\n<figure class=\"wp-block-image aligncenter size-full is-resized swt-duotone-secondary wp-duotone-secondary\"><img loading=\"lazy\" decoding=\"async\" width=\"480\" height=\"94\" src=\"https:\/\/www.business-academy.hu\/wp-content\/uploads\/2024\/05\/ghibli_480.png\" alt=\"\" class=\"wp-image-113\" style=\"width:212px\" srcset=\"https:\/\/www.business-academy.hu\/wp-content\/uploads\/2024\/05\/ghibli_480.png 480w, https:\/\/www.business-academy.hu\/wp-content\/uploads\/2024\/05\/ghibli_480-300x59.png 300w, https:\/\/www.business-academy.hu\/wp-content\/uploads\/2024\/05\/ghibli_480-18x4.png 18w\" sizes=\"(max-width: 480px) 100vw, 480px\" \/><figcaption class=\"wp-element-caption\">Ghibli Sz\u00e1ll\u00edtm\u00e1nyoz\u00e1si Kft.<\/figcaption><\/figure>\n\n\n\n<figure class=\"wp-block-image aligncenter size-full is-resized swt-duotone-secondary wp-duotone-secondary\"><img loading=\"lazy\" decoding=\"async\" width=\"300\" height=\"300\" src=\"https:\/\/www.business-academy.hu\/wp-content\/uploads\/2025\/03\/gkz_en.png\" alt=\"\" class=\"wp-image-884\" style=\"width:96px\" srcset=\"https:\/\/www.business-academy.hu\/wp-content\/uploads\/2025\/03\/gkz_en.png 300w, https:\/\/www.business-academy.hu\/wp-content\/uploads\/2025\/03\/gkz_en-150x150.png 150w, https:\/\/www.business-academy.hu\/wp-content\/uploads\/2025\/03\/gkz_en-12x12.png 12w\" sizes=\"(max-width: 300px) 100vw, 300px\" \/><figcaption class=\"wp-element-caption\">Budapest University of Economics and Business<\/figcaption><\/figure>\n\n\n\n<figure class=\"wp-block-image aligncenter size-full is-resized swt-duotone-secondary wp-duotone-secondary\"><img loading=\"lazy\" decoding=\"async\" width=\"480\" height=\"182\" src=\"https:\/\/www.business-academy.hu\/wp-content\/uploads\/2024\/05\/nlv_480.png\" alt=\"NLVklub\" class=\"wp-image-616\" style=\"width:160px\" srcset=\"https:\/\/www.business-academy.hu\/wp-content\/uploads\/2024\/05\/nlv_480.png 480w, https:\/\/www.business-academy.hu\/wp-content\/uploads\/2024\/05\/nlv_480-300x114.png 300w, https:\/\/www.business-academy.hu\/wp-content\/uploads\/2024\/05\/nlv_480-18x7.png 18w\" sizes=\"(max-width: 480px) 100vw, 480px\" \/><figcaption class=\"wp-element-caption\">Nagyv\u00e1llalati Logisztikai Vezet\u0151k Klubja<\/figcaption><\/figure>\n<\/div>\n<\/div><\/div>\n\n\n\n<div class=\"wp-block-uagb-container uagb-block-7d706339 alignfull uagb-is-root-container\"><div class=\"uagb-container-inner-blocks-wrap\">\n<div data-aos= \"fade-up\" data-aos-duration=\"400\" data-aos-delay=\"0\" data-aos-easing=\"ease\" data-aos-once=\"true\" class=\"wp-block-uagb-container animation-duration-lg uagb-block-7c5e0c98 alignfull uagb-is-root-container\"><div class=\"uagb-container-inner-blocks-wrap\">\n<p class=\"has-text-align-left has-heading-color has-text-color has-x-small-font-size\" style=\"font-style:normal;font-weight:500;letter-spacing:2px;text-transform:uppercase\">Our representative in the Northern and Central regions of Vietnam:<\/p>\n\n\n\n<div class=\"wp-block-uagb-container uagb-block-c7e71088\">\n<div class=\"wp-block-uagb-advanced-heading uagb-block-ae4034b8\"><h6 class=\"uagb-heading-text\"><strong>Sinh Viet Intelligence JSC.<\/strong><\/h6><\/div>\n\n\n\n<ul style=\"margin-top:0;margin-bottom:0\" class=\"wp-block-list\">\n<li><strong>Address:<\/strong> 26, Lane 97, Quan Hoa Street, Quan Hoa, Cau Giay District, Hanoi, Vietnam<\/li>\n\n\n\n<li><strong>Phone:<\/strong> +84 34564786<\/li>\n\n\n\n<li class=\"hyphens\"><strong>Email:<\/strong> sinh\u00adviet.intel\u00adligence.in\u00ad\u00adfo@gmail.com<\/li>\n\n\n\n<li><strong>Homepage:<\/strong> <a href=\"http:\/\/www.sinhviet.vn\" target=\"_blank\" rel=\"noreferrer noopener\">www.sinhviet.vn<\/a><\/li>\n<\/ul>\n<\/div>\n<\/div><\/div>\n\n\n\n<div data-aos= \"fade-up\" data-aos-duration=\"400\" data-aos-delay=\"0\" data-aos-easing=\"ease\" data-aos-once=\"true\" class=\"wp-block-uagb-container animation-duration-lg uagb-block-cf62d43a alignfull uagb-is-root-container\"><div class=\"uagb-container-inner-blocks-wrap\">\n<p class=\"has-text-align-left has-heading-color has-text-color has-x-small-font-size\" style=\"font-style:normal;font-weight:500;letter-spacing:2px;text-transform:uppercase\">Our representative in the southern region of Vietnam (from Thua Thien Hue province to Ca Mau province):<\/p>\n\n\n\n<div class=\"wp-block-uagb-container uagb-block-dc3201fd\">\n<div class=\"wp-block-uagb-advanced-heading uagb-block-7714c9f9\"><h6 class=\"uagb-heading-text\">HOP DIEM Jsc (CENTREPOINT Jsc)<\/h6><\/div>\n\n\n\n<ul style=\"margin-top:0;margin-bottom:0\" class=\"wp-block-list\">\n<li><strong>Address:<\/strong> 192 Ly Thai To, District 3, HCMC, Vietnam<\/li>\n\n\n\n<li><strong>Phone:<\/strong> 0908058287<\/li>\n\n\n\n<li><strong>Email:<\/strong> dinhson@vietnamhopdiem.edu.vn<\/li>\n<\/ul>\n<\/div>\n<\/div><\/div>\n<\/div><\/div>\n\n\n\n<div id=\"contact\" class=\"wp-block-uagb-container uagb-block-zjeqf8fp alignfull uagb-is-root-container\"><div class=\"uagb-container-inner-blocks-wrap\">\n<div class=\"wp-block-uagb-info-box uagb-block-w3qyimkc uagb-infobox__content-wrap  uagb-infobox-icon-above-title uagb-infobox-image-valign-top\"><div class=\"uagb-ifb-content\"><div class=\"uagb-ifb-title-wrap\"><h2 class=\"uagb-ifb-title\">Contact Us<\/h2><\/div><p class=\"uagb-ifb-desc\">Feel free to reach out us any way you'd like.<\/p><\/div><\/div>\n\n\n\n<div class=\"wp-block-uagb-container uagb-block-bdk1zvq8\">\n<div data-aos= \"fade\" data-aos-duration=\"400\" data-aos-delay=\"0\" data-aos-easing=\"ease\" data-aos-once=\"true\" class=\"wp-block-uagb-container uagb-block-hgabvo4p\">\n<div class=\"wp-block-uagb-info-box uagb-block-pkv1mo1m uagb-infobox__content-wrap  uagb-infobox-icon-left uagb-infobox-left uagb-infobox-stacked-tablet uagb-infobox-image-valign-top\"><div class=\"uagb-ifb-icon-wrap\"><div class=\"uagb-iconbox-icon-wrap uagb-infobox-shape-circle\"><svg xmlns=\"https:\/\/www.w3.org\/2000\/svg\" viewbox=\"0 0 512 512\"><path d=\"M511.2 387l-23.25 100.8c-3.266 14.25-15.79 24.22-30.46 24.22C205.2 512 0 306.8 0 54.5c0-14.66 9.969-27.2 24.22-30.45l100.8-23.25C139.7-2.602 154.7 5.018 160.8 18.92l46.52 108.5c5.438 12.78 1.77 27.67-8.98 36.45L144.5 207.1c33.98 69.22 90.26 125.5 159.5 159.5l44.08-53.8c8.688-10.78 23.69-14.51 36.47-8.975l108.5 46.51C506.1 357.2 514.6 372.4 511.2 387z\"><\/path><\/svg><\/div><\/div><div class=\"uagb-ifb-content\"><div class=\"uagb-ifb-title-wrap\"><p class=\"uagb-ifb-title\">Phone<\/p><\/div><p class=\"uagb-ifb-desc\">+36 30 932 0088<\/p><\/div><\/div>\n<\/div>\n\n\n\n<div data-aos= \"fade\" data-aos-duration=\"400\" data-aos-delay=\"0\" data-aos-easing=\"ease\" data-aos-once=\"true\" class=\"wp-block-uagb-container uagb-block-aknenn8r\">\n<div class=\"wp-block-uagb-info-box uagb-block-rpqfjh0y uagb-infobox__content-wrap  uagb-infobox-icon-left uagb-infobox-left uagb-infobox-stacked-tablet uagb-infobox-image-valign-top\"><div class=\"uagb-ifb-icon-wrap\"><div class=\"uagb-iconbox-icon-wrap uagb-infobox-shape-circle\"><svg xmlns=\"https:\/\/www.w3.org\/2000\/svg\" viewbox=\"0 0 512 512\"><path d=\"M464 64C490.5 64 512 85.49 512 112C512 127.1 504.9 141.3 492.8 150.4L275.2 313.6C263.8 322.1 248.2 322.1 236.8 313.6L19.2 150.4C7.113 141.3 0 127.1 0 112C0 85.49 21.49 64 48 64H464zM217.6 339.2C240.4 356.3 271.6 356.3 294.4 339.2L512 176V384C512 419.3 483.3 448 448 448H64C28.65 448 0 419.3 0 384V176L217.6 339.2z\"><\/path><\/svg><\/div><\/div><div class=\"uagb-ifb-content\"><div class=\"uagb-ifb-title-wrap\"><p class=\"uagb-ifb-title\">Email<\/p><\/div><p class=\"uagb-ifb-desc\">info@business-academy.hu<\/p><\/div><\/div>\n<\/div>\n\n\n\n<div data-aos= \"fade\" data-aos-duration=\"400\" data-aos-delay=\"0\" data-aos-easing=\"ease\" data-aos-once=\"true\" class=\"wp-block-uagb-container uagb-block-lqdfodtt\">\n<div class=\"wp-block-uagb-info-box uagb-block-ctledchv uagb-infobox__content-wrap  uagb-infobox-icon-left uagb-infobox-left uagb-infobox-stacked-tablet uagb-infobox-image-valign-top\"><div class=\"uagb-ifb-icon-wrap\"><div class=\"uagb-iconbox-icon-wrap uagb-infobox-shape-circle\"><svg xmlns=\"https:\/\/www.w3.org\/2000\/svg\" viewbox=\"0 0 384 512\"><path d=\"M168.3 499.2C116.1 435 0 279.4 0 192C0 85.96 85.96 0 192 0C298 0 384 85.96 384 192C384 279.4 267 435 215.7 499.2C203.4 514.5 180.6 514.5 168.3 499.2H168.3zM192 256C227.3 256 256 227.3 256 192C256 156.7 227.3 128 192 128C156.7 128 128 156.7 128 192C128 227.3 156.7 256 192 256z\"><\/path><\/svg><\/div><\/div><div class=\"uagb-ifb-content\"><div class=\"uagb-ifb-title-wrap\"><p class=\"uagb-ifb-title\">Adress<\/p><\/div><p class=\"uagb-ifb-desc\">B\u00e9csi \u00fat 85. Budapest 1036<\/p><\/div><\/div>\n<\/div>\n<\/div>\n\n\n\t\t\t<div \n\t\t\tclass=\"wp-block-uagb-google-map uagb-google-map__wrap uagb-block-onsf7g42\"\n\t\t\tstyle=\"\" >\n\t\t\t\t<embed\n\t\t\t\t\tclass=\"uagb-google-map__iframe\"\n\t\t\t\t\ttitle=\"Google Map for \"\n\t\t\t\t\tsrc=\"https:\/\/maps.google.com\/maps?q=b%C3%A9csi%20%C3%BAt%2085&#038;z=12&#038;hl=en&#038;t=m&#038;output=embed&#038;iwloc=near\"\n\t\t\t\t\twidth=\"640\"\n\t\t\t\t\theight=\"350\"\n\t\t\t\t\tloading=\"lazy\"\n\t\t\t\t><\/embed>\n\t\t\t<\/div>\n\t\t\t<\/div><\/div>\n\n\n\n<div class=\"wp-block-uagb-container uagb-block-zzycsae2 alignfull uagb-is-root-container\"><div class=\"uagb-container-inner-blocks-wrap\">\n<div data-aos= \"fade\" data-aos-duration=\"400\" data-aos-delay=\"0\" data-aos-easing=\"ease\" data-aos-once=\"true\" class=\"wp-block-uagb-info-box uagb-block-scfrahvv uagb-infobox__content-wrap  uagb-infobox-icon-above-title uagb-infobox-image-valign-top\"><div class=\"uagb-ifb-content\"><div class=\"uagb-ifb-title-wrap\"><p class=\"uagb-ifb-title-prefix\">Get Involved<\/p><h2 class=\"uagb-ifb-title\">Check out our courses<\/h2><\/div><\/div><\/div>\n\n\n\n<div data-aos= \"fade\" data-aos-duration=\"400\" data-aos-delay=\"0\" data-aos-easing=\"ease\" data-aos-once=\"true\" class=\"wp-block-uagb-buttons uagb-buttons__outer-wrap uagb-btn__default-btn uagb-btn-tablet__default-btn uagb-btn-mobile__default-btn uagb-block-7knxfjdn\"><div class=\"uagb-buttons__wrap uagb-buttons-layout-wrap\">\n<div class=\"wp-block-uagb-buttons-child uagb-buttons__outer-wrap uagb-block-zlogzf0o wp-block-button\"><div class=\"uagb-button__wrapper\"><a class=\"uagb-buttons-repeater wp-block-button__link\" aria-label=\"\" href=\"https:\/\/www.business-academy.hu\/en\/kepzesek\/\" rel=\"follow noopener\" target=\"_self\" role=\"button\"><div class=\"uagb-button__link\">Courses<\/div><\/a><\/div><\/div>\n<\/div><\/div>\n<\/div><\/div>","protected":false},"excerpt":{"rendered":"<p>Tudj meg t\u00f6bbet r\u00f3lunk Nemzetk\u00f6zi \u00fczleti oktat\u00e1s | R\u00f6vid kurzusok | Ny\u00e1ri egyetemek | Tudom\u00e1nyos kutat\u00e1s Partnereink K\u00e9pvisel\u0151nk Vietn\u00e1m \u00c9szaki \u00e9s K\u00f6z\u00e9ps\u0151 r\u00e9gi\u00f3j\u00e1ban: Sinh Viet Intelligence JSC. K\u00e9pvisel\u0151nk Vietn\u00e1m d\u00e9li r\u00e9gi\u00f3j\u00e1ban (Thua Thien Hue tartom\u00e1nyt\u00f3l Ca Mau tartom\u00e1nyig): HOP DIEM Jsc (CENTREPOINT Jsc)<\/p>","protected":false},"author":1,"featured_media":0,"parent":0,"menu_order":0,"comment_status":"closed","ping_status":"closed","template":"","meta":{"_uag_custom_page_level_css":"","_swt_meta_header_display":false,"_swt_meta_footer_display":false,"_swt_meta_site_title_display":false,"_swt_meta_sticky_header":false,"_swt_meta_transparent_header":false,"iawp_total_views":215,"footnotes":""},"class_list":["post-49","page","type-page","status-publish","hentry"],"uagb_featured_image_src":{"full":false,"thumbnail":false,"medium":false,"medium_large":false,"large":false,"1536x1536":false,"2048x2048":false,"trp-custom-language-flag":false},"uagb_author_info":{"display_name":"kozart69","author_link":"https:\/\/www.business-academy.hu\/en\/author\/kozart69\/"},"uagb_comment_info":0,"uagb_excerpt":"Tudj meg t\u00f6bbet r\u00f3lunk Nemzetk\u00f6zi \u00fczleti oktat\u00e1s | R\u00f6vid kurzusok | Ny\u00e1ri egyetemek | Tudom\u00e1nyos kutat\u00e1s Partnereink K\u00e9pvisel\u0151nk Vietn\u00e1m \u00c9szaki \u00e9s K\u00f6z\u00e9ps\u0151 r\u00e9gi\u00f3j\u00e1ban: Sinh Viet Intelligence JSC. K\u00e9pvisel\u0151nk Vietn\u00e1m d\u00e9li r\u00e9gi\u00f3j\u00e1ban (Thua Thien Hue tartom\u00e1nyt\u00f3l Ca Mau tartom\u00e1nyig): HOP DIEM Jsc (CENTREPOINT Jsc)","_links":{"self":[{"href":"https:\/\/www.business-academy.hu\/en\/wp-json\/wp\/v2\/pages\/49"}],"collection":[{"href":"https:\/\/www.business-academy.hu\/en\/wp-json\/wp\/v2\/pages"}],"about":[{"href":"https:\/\/www.business-academy.hu\/en\/wp-json\/wp\/v2\/types\/page"}],"author":[{"embeddable":true,"href":"https:\/\/www.business-academy.hu\/en\/wp-json\/wp\/v2\/users\/1"}],"replies":[{"embeddable":true,"href":"https:\/\/www.business-academy.hu\/en\/wp-json\/wp\/v2\/comments?post=49"}],"version-history":[{"count":6,"href":"https:\/\/www.business-academy.hu\/en\/wp-json\/wp\/v2\/pages\/49\/revisions"}],"predecessor-version":[{"id":887,"href":"https:\/\/www.business-academy.hu\/en\/wp-json\/wp\/v2\/pages\/49\/revisions\/887"}],"wp:attachment":[{"href":"https:\/\/www.business-academy.hu\/en\/wp-json\/wp\/v2\/media?parent=49"}],"curies":[{"name":"wp","href":"https:\/\/api.w.org\/{rel}","templated":true}]}}