{"id":505,"date":"2024-05-27T15:31:43","date_gmt":"2024-05-27T13:31:43","guid":{"rendered":"https:\/\/www.business-academy.hu\/?page_id=505"},"modified":"2024-06-12T13:24:59","modified_gmt":"2024-06-12T11:24:59","slug":"nyari-egyetemek","status":"publish","type":"page","link":"https:\/\/www.business-academy.hu\/en\/kepzesek\/nyari-egyetemek\/","title":{"rendered":"Summer Schools"},"content":{"rendered":"<div class=\"wp-block-uagb-container uagb-block-8iiqas9z alignfull uagb-is-root-container\">\n<div data-aos= \"fade-right\" data-aos-duration=\"400\" data-aos-delay=\"0\" data-aos-easing=\"ease\" data-aos-once=\"true\" class=\"wp-block-uagb-container hero-bg animation-duration-lg uag-hide-mob uagb-block-grhal4sj\"><\/div>\n\n\n\n<div data-aos= \"fade\" data-aos-duration=\"400\" data-aos-delay=\"0\" data-aos-easing=\"ease\" data-aos-once=\"true\" class=\"wp-block-uagb-container animation-duration-lg uagb-layout-flex uagb-block-l7ttxf3h\">\n<div class=\"wp-block-group is-vertical is-layout-flex wp-container-core-group-is-layout-1 wp-block-group-is-layout-flex\">\n<h2 class=\"wp-block-heading has-xxxx-large-font-size\">Summer Schools<\/h2>\n\n\n\n<p>Our mission is to offer a variety of training programs to help university students advance their careers and skills.<\/p>\n<\/div>\n<\/div>\n<\/div>\n\n\n\n<div class=\"wp-block-uagb-container uagb-block-318741d6 alignfull uagb-is-root-container\"><div class=\"uagb-container-inner-blocks-wrap\">\n<div class=\"wp-block-uagb-container uagb-block-802fc6de\">\n<div class=\"wp-block-query is-layout-flow wp-block-query-is-layout-flow\"><ul class=\"wp-block-post-template is-layout-flow wp-block-post-template-is-layout-flow\"><li class=\"wp-block-post post-853 nyari_egyetemek type-nyari_egyetemek status-publish has-post-thumbnail hentry\">\n\n<div class=\"wp-block-uagb-container uagb-block-9b1b93bb\">\n<div data-aos= \"fade-right\" data-aos-duration=\"400\" data-aos-delay=\"0\" data-aos-easing=\"ease\" data-aos-once=\"true\" class=\"wp-block-uagb-container uagb-block-61cd7e49\"><h2 style=\"margin-top:0;margin-bottom:0;margin-left:0;margin-right:0;\" class=\"wp-block-post-title\">Summer School SUCCESS Reloaded 2025<\/h2>\n\n<div style=\"margin-top:0;margin-bottom:0;margin-left:0;margin-right:0;\" class=\"wp-block-post-excerpt\"><p class=\"wp-block-post-excerpt__excerpt\">Summer SchoolSUCCESS Reloaded 2025 In association with&nbsp;Budapest University of Economics and Business. Why join us in summer 2025? All this takes place in a global environment, and at the same time, participants will have the opportunity to experience the imperial architecture and lively cultural life that Budapest has to offer. What participants will experience? 40&hellip; <\/p><\/div>\n\n\n<div class=\"wp-block-uagb-container uagb-block-eb9c823b\"><a style=\"border-radius:24px;border-width:0px;\" class=\"wp-block-button__link wp-element-button wp-elements-6a567ceb242b9d4843b7534aed0d447f wp-block-read-more has-text-color has-background-color has-background has-primary-background-color\" href=\"https:\/\/www.business-academy.hu\/en\/nyari-egyetemek\/summer-school-success-reloaded\/\" target=\"_self\">More<span class=\"screen-reader-text\">: Summer School SUCCESS Reloaded 2025<\/span><\/a><\/div>\n<\/div>\n\n\n\n<div data-aos= \"fade-up\" data-aos-duration=\"400\" data-aos-delay=\"0\" data-aos-easing=\"ease\" data-aos-once=\"true\" class=\"wp-block-uagb-container animation-duration-lg uagb-block-52352512\"><figure class=\"wp-block-post-featured-image\"><img loading=\"lazy\" decoding=\"async\" width=\"2048\" height=\"1536\" src=\"https:\/\/www.business-academy.hu\/wp-content\/uploads\/2024\/05\/csop2.jpg\" class=\"attachment-post-thumbnail size-post-thumbnail wp-post-image\" alt=\"Csoportk\u00e9p\" style=\"object-fit:cover;\" srcset=\"https:\/\/www.business-academy.hu\/wp-content\/uploads\/2024\/05\/csop2.jpg 2048w, https:\/\/www.business-academy.hu\/wp-content\/uploads\/2024\/05\/csop2-300x225.jpg 300w, https:\/\/www.business-academy.hu\/wp-content\/uploads\/2024\/05\/csop2-1024x768.jpg 1024w, https:\/\/www.business-academy.hu\/wp-content\/uploads\/2024\/05\/csop2-768x576.jpg 768w, https:\/\/www.business-academy.hu\/wp-content\/uploads\/2024\/05\/csop2-1536x1152.jpg 1536w, https:\/\/www.business-academy.hu\/wp-content\/uploads\/2024\/05\/csop2-16x12.jpg 16w\" sizes=\"(max-width: 2048px) 100vw, 2048px\" \/><\/figure><\/div>\n<\/div>\n\n<\/li><\/ul>\n\n\n\n<\/div>\n<\/div>\n<\/div><\/div>","protected":false},"excerpt":{"rendered":"<p>Ny\u00e1ri egyetemek K\u00e9pz\u00e9si programjainkkal els\u0151sorban egyetemi hallgat\u00f3k k\u00e9szs\u00e9geinek fejleszt\u00e9s\u00e9t, \u00e9s karrierel\u0151menetel\u00e9t szeretn\u00e9nk seg\u00edteni.<\/p>","protected":false},"author":1,"featured_media":0,"parent":209,"menu_order":0,"comment_status":"closed","ping_status":"closed","template":"","meta":{"_uag_custom_page_level_css":"","_swt_meta_header_display":false,"_swt_meta_footer_display":false,"_swt_meta_site_title_display":false,"_swt_meta_sticky_header":false,"_swt_meta_transparent_header":false,"iawp_total_views":22,"footnotes":""},"class_list":["post-505","page","type-page","status-publish","hentry"],"uagb_featured_image_src":{"full":false,"thumbnail":false,"medium":false,"medium_large":false,"large":false,"1536x1536":false,"2048x2048":false,"trp-custom-language-flag":false},"uagb_author_info":{"display_name":"kozart69","author_link":"https:\/\/www.business-academy.hu\/en\/author\/kozart69\/"},"uagb_comment_info":0,"uagb_excerpt":"Ny\u00e1ri egyetemek K\u00e9pz\u00e9si programjainkkal els\u0151sorban egyetemi hallgat\u00f3k k\u00e9szs\u00e9geinek fejleszt\u00e9s\u00e9t, \u00e9s karrierel\u0151menetel\u00e9t szeretn\u00e9nk seg\u00edteni.","_links":{"self":[{"href":"https:\/\/www.business-academy.hu\/en\/wp-json\/wp\/v2\/pages\/505"}],"collection":[{"href":"https:\/\/www.business-academy.hu\/en\/wp-json\/wp\/v2\/pages"}],"about":[{"href":"https:\/\/www.business-academy.hu\/en\/wp-json\/wp\/v2\/types\/page"}],"author":[{"embeddable":true,"href":"https:\/\/www.business-academy.hu\/en\/wp-json\/wp\/v2\/users\/1"}],"replies":[{"embeddable":true,"href":"https:\/\/www.business-academy.hu\/en\/wp-json\/wp\/v2\/comments?post=505"}],"version-history":[{"count":5,"href":"https:\/\/www.business-academy.hu\/en\/wp-json\/wp\/v2\/pages\/505\/revisions"}],"predecessor-version":[{"id":817,"href":"https:\/\/www.business-academy.hu\/en\/wp-json\/wp\/v2\/pages\/505\/revisions\/817"}],"up":[{"embeddable":true,"href":"https:\/\/www.business-academy.hu\/en\/wp-json\/wp\/v2\/pages\/209"}],"wp:attachment":[{"href":"https:\/\/www.business-academy.hu\/en\/wp-json\/wp\/v2\/media?parent=505"}],"curies":[{"name":"wp","href":"https:\/\/api.w.org\/{rel}","templated":true}]}}